{"id":1476,"date":"2021-05-01T10:40:07","date_gmt":"2021-05-01T10:40:07","guid":{"rendered":"https:\/\/www.sejour-culinair.fr\/?page_id=1476"},"modified":"2024-10-22T07:50:15","modified_gmt":"2024-10-22T07:50:15","slug":"comfort-twin-room-salers","status":"publish","type":"page","link":"https:\/\/www.sejour-culinair.fr\/de\/comfort-twin-room-salers\/","title":{"rendered":"Comfort Zimmer &#8218;Salers'"},"content":{"rendered":"<p><div class=\"fotorama\" data-nav=\"thumbs\"><a href=\"https:\/\/www.sejour-culinair.fr\/wordpress\/wp-content\/uploads\/2021\/05\/Overvieuw-Bed-by-evening-light-970x485-1.jpg\"><img src=\"h\" alt=\"\" \/><\/a><a href=\"https:\/\/www.sejour-culinair.fr\/wordpress\/wp-content\/uploads\/2021\/04\/Overview-1-no-edit-970-x-485.jpg\"><img src=\"h\" alt=\"\" \/><\/a><a href=\"https:\/\/www.sejour-culinair.fr\/wordpress\/wp-content\/uploads\/2021\/05\/Main-Photo-edit-2-size-970-x-485.jpg\"><img src=\"h\" alt=\"\" \/><\/a><a href=\"https:\/\/www.sejour-culinair.fr\/wordpress\/wp-content\/uploads\/2021\/05\/Detail-Bedside-Edit-1-970-x-485.jpg\"><img src=\"h\" alt=\"\" \/><\/a><a href=\"https:\/\/www.sejour-culinair.fr\/wordpress\/wp-content\/uploads\/2021\/04\/Coffee-service-edit-970-x-485.jpg\"><img src=\"h\" alt=\"\" \/><\/a><a href=\"https:\/\/www.sejour-culinair.fr\/wordpress\/wp-content\/uploads\/2021\/04\/Bathroom-1-edit-970-x-485.jpg\"><img src=\"h\" alt=\"\" \/><\/a><a href=\"https:\/\/www.sejour-culinair.fr\/wordpress\/wp-content\/uploads\/2021\/04\/Detail-Bathroom-edit-970-x-485.jpg\"><img src=\"h\" alt=\"\" \/><\/a><a href=\"https:\/\/www.sejour-culinair.fr\/wordpress\/wp-content\/uploads\/2021\/04\/Overview-3-edit-970-x-485.jpg\"><img src=\"h\" alt=\"\" \/><\/a><a href=\"https:\/\/www.sejour-culinair.fr\/wordpress\/wp-content\/uploads\/2021\/04\/Overview-2-edit-970-x-485.jpg\"><img src=\"h\" alt=\"\" \/><\/a><a href=\"https:\/\/www.sejour-culinair.fr\/wordpress\/wp-content\/uploads\/2021\/03\/Velux-Balcony-2-e1615652234860.jpg\"><img src=\"h\" alt=\"\" \/><\/a><a href=\"https:\/\/www.sejour-culinair.fr\/wordpress\/wp-content\/uploads\/2021\/03\/salers-resized-e1615645701543.jpg\"><img src=\"h\" alt=\"\" \/><\/a><\/div><\/p>\n<h4>Zimmerausstattung<\/h4>\n<ul style=\"list-style-type: disc; text-align: justify; margin-left: 18.0pt;\">\n<li><span lang=\"nl\">Ger\u00e4umiges Komfortzimmer.<\/span><\/li>\n<li><span lang=\"nl\">Auf dem Dachboden am 2. gelegen. Etage ohne Aufzug.<\/span><\/li>\n<li><span lang=\"nl\">Zwei Einzelbetten (90 x 200 cm) zusammengeschoben.<\/span><\/li>\n<li><span lang=\"nl\">Eigenes Badezimmer mit Toilette, ebenerdiger Dusche, Waschbecken, beheiztem Handtuchhalter.<\/span><\/li>\n<li><span lang=\"nl\">Tee- und Kaffee-Selbstbedienung auf dem Zimmer<\/span><\/li>\n<li><span lang=\"nl\">Badem\u00e4ntel und Badzubeh\u00f6r<\/span><\/li>\n<li><span lang=\"nl\">Zentralheizung und Klimaanlage<\/span><\/li>\n<li><span lang=\"nl\">Kostenloser WiFi-Highspeed-Internetzugang<\/span><\/li>\n<li><span lang=\"nl\">Ausgestattet mit einem Velux Balkon.<\/span><\/li>\n<li><span lang=\"nl\">Das Zimmer bietet einen spektakul\u00e4ren Blick auf die umliegende Landschaft.<\/span><\/li>\n<\/ul>\n<p>&nbsp;<\/p>\n<h4>Zimmerpreis<\/h4>\n<p><strong>2024 Preise inkl. franz\u00f6sisches kontinentales Fr\u00fchst\u00fcck. Eventuellen Zuschl\u00e4gen.<\/strong><\/p>\n<table id=\"AutoNumber1\" style=\"border-collapse: collapse;\" border=\"2\" width=\"100%\" cellspacing=\"1\" cellpadding=\"1\">\n<tbody style=\"font-family: Arial, Helvetica, sans-serif; font-size: 13px; color: #987640; width: 620px; line-height: 100%; text-align: justify;\">\n<tr style=\"border-bottom: 1px solid #000;\">\n<td>Preis Pro Nacht.<\/td>\n<td>\u00a0Nebensaison<\/td>\n<td>\u00a0Zwischensaison<\/td>\n<td>\u00a0Hochsaison<\/td>\n<td><\/td>\n<td>\u00a0Zuschl\u00e4ge Pro Nacht.<\/td>\n<\/tr>\n<tr>\n<td>\u00a01 Person<\/td>\n<td>\u00a0\u20ac 105,-<\/td>\n<td>\u00a0\u20ac 108,-<\/td>\n<td>\u00a0\u20ac 114,-<\/td>\n<td>\u00a0Haustiere.<\/td>\n<td>\u00a0\u20ac 9,- pro Tier<\/td>\n<\/tr>\n<tr>\n<td>\u00a02 Personen<\/td>\n<td>\u00a0\u20ac 105,-<\/td>\n<td>\u00a0\u20ac 108,-<\/td>\n<td>\u00a0\u20ac 114,-<\/td>\n<td>\u00a0Zus\u00e4tzliche Person im Zimmer.<\/td>\n<td>\u00a0\u20ac 25,- P.N.<\/td>\n<\/tr>\n<\/tbody>\n<\/table>\n<p><img decoding=\"async\" loading=\"lazy\" class=\"alignright size-medium wp-image-3109\" title=\"Promotion\" src=\"https:\/\/www.sejour-culinair.fr\/wordpress\/wp-content\/uploads\/2018\/12\/Bleiben-Sie-2-N\u00e4chte.jpg\" alt=\"Promotion\" width=\"410\" height=\"156\" \/><br \/>\n&#8211; Die Preise verstehen sich zuz\u00fcglich der obligatorischen Kurtaxe von \u20ac 0,80 pro Nacht f\u00fcr jede Person \u00fcber 18 Jahre.<br \/>\n&#8211; Zus\u00e4tzliche Person im Zimmer (max. 1) ist nur nach vorheriger Absprache m\u00f6glich.<br \/>\n&#8211; Zwischensaison: 24. Mai &#8211; 1. Juli und 1. September &#8211; 14 September.<br \/>\n&#8211; Hochsaison: 2. Juli &#8211; 31. August.<br \/>\n&#8211; Rabatt: Bleiben Sie 2 N\u00e4chte (oder l\u00e4nger) und erhalten Sie 10% Rabatt auf den Zimmerpreis, wenn Sie auf unserer eigenen Website reserviert sind.<\/p>\n<p><a class=\"read-more\" href=\"https:\/\/via.eviivo.com\/de-DE\/lecuisinier63\/\" target=\"_blank\" rel=\"noopener noreferrer\">Pr\u00fcfen Sie Verfugbarkeit <i class=\"fa fa-angle-right mideum\"><\/i><\/a><\/p>","protected":false},"excerpt":{"rendered":"<p>Zimmerausstattung Ger\u00e4umiges Komfortzimmer. Auf dem Dachboden am 2. gelegen. Etage ohne Aufzug. Zwei Einzelbetten (90 x 200 cm) zusammengeschoben. Eigenes Badezimmer mit Toilette, ebenerdiger Dusche, Waschbecken, beheiztem Handtuchhalter. Tee- und Kaffee-Selbstbedienung auf dem Zimmer Badem\u00e4ntel und Badzubeh\u00f6r Zentralheizung und Klimaanlage&#8230; <\/p>\n","protected":false},"author":1,"featured_media":0,"parent":0,"menu_order":0,"comment_status":"closed","ping_status":"closed","template":"","meta":[],"_links":{"self":[{"href":"https:\/\/www.sejour-culinair.fr\/de\/wp-json\/wp\/v2\/pages\/1476"}],"collection":[{"href":"https:\/\/www.sejour-culinair.fr\/de\/wp-json\/wp\/v2\/pages"}],"about":[{"href":"https:\/\/www.sejour-culinair.fr\/de\/wp-json\/wp\/v2\/types\/page"}],"author":[{"embeddable":true,"href":"https:\/\/www.sejour-culinair.fr\/de\/wp-json\/wp\/v2\/users\/1"}],"replies":[{"embeddable":true,"href":"https:\/\/www.sejour-culinair.fr\/de\/wp-json\/wp\/v2\/comments?post=1476"}],"version-history":[{"count":76,"href":"https:\/\/www.sejour-culinair.fr\/de\/wp-json\/wp\/v2\/pages\/1476\/revisions"}],"predecessor-version":[{"id":2067,"href":"https:\/\/www.sejour-culinair.fr\/de\/wp-json\/wp\/v2\/pages\/1476\/revisions\/2067"}],"wp:attachment":[{"href":"https:\/\/www.sejour-culinair.fr\/de\/wp-json\/wp\/v2\/media?parent=1476"}],"curies":[{"name":"wp","href":"https:\/\/api.w.org\/{rel}","templated":true}]}}