{"id":172,"date":"2015-12-05T17:47:29","date_gmt":"2015-12-05T17:47:29","guid":{"rendered":"http:\/\/www.sejour-culinair.fr\/wordpress\/?page_id=172"},"modified":"2016-05-12T19:11:37","modified_gmt":"2016-05-12T19:11:37","slug":"sports","status":"publish","type":"page","link":"https:\/\/www.sejour-culinair.fr\/de\/sports\/","title":{"rendered":"Sportlich"},"content":{"rendered":"<p><strong>Halbtags: Kanufahrten auf dem Fluss Sioule \u2013 Entfernung mit dem Auto ca. 25 Minuten.<\/strong><\/p>\n<p>\nDenken Sie daran, trockene Kleidung dabei zu haben. Fahren Sie von Vergheas \u00fcber Espinasse in die Stadt Menat. Menat ist eine mittelalterliche Stadt mit einer sch\u00f6nen Klosterkirche in der Mitte. <img decoding=\"async\" loading=\"lazy\" class=\"alignleft size-medium wp-image-3109\" title=\"Kano op de Sioule\" src=\"http:\/\/www.sejour-culinair.fr\/wordpress\/wp-content\/uploads\/2015\/12\/canoe_sur_la_sioule_imagelarge-150x150.jpg\" alt=\"Kano op de Sioule\" width=\"150\" height=\"150\" \/> Das Kloster ist mittlerweile geschlossen, aber Sie k\u00f6nnen noch immer die Kirche und den Klosterhof mit den sch\u00f6nen Schnitzereien besuchen. Von Menat fahren Sie ein kurzes St\u00fcck weiter auf der Route Nationale von Montlucon nach Clermont-Ferrand bis Pont de Menat, die gro\u00dfe Br\u00fccke \u00fcber den Fluss Sioule. Dort, auf der linken Seite, nur \u00fcber die Br\u00fccke, ist der Ort, wo Sie Ihr Kanu mieten k\u00f6nnen und wo die Fahrt \u00fcber der Fluss anf\u00e4ngt. <img decoding=\"async\" loading=\"lazy\" class=\"alignright size-medium wp-image-3109\" title=\"Chateau Rocher\" src=\"http:\/\/www.sejour-culinair.fr\/wordpress\/wp-content\/uploads\/2015\/12\/63-Chateau-Rocher-150x150.jpg\" alt=\"Chateau Rocher\" width=\"150\" height=\"150\" \/> Nach Ihrem Kanuerlebnis bringt ein Auto Sie und Ihre Kanu zur\u00fcck zum Pont de Menat. F\u00fcr weitere Informationen \u00fcber das Mieten von Kanus, siehe <a href=\"http:\/\/www.sioule-loisirs.com\/\" target=\"_blank\">hier<\/a>. Schauen Sie sich nach der Kanutour noch die Umgebung des Pont de Menat an. Entdecken Sie die alte r\u00f6mische Br\u00fccke \u00fcber den Fluss Sioule fast neben der neuen breiten Br\u00fccke. Die r\u00f6mische Br\u00fccke ist so schmal, dass ein Auto kaum dar\u00fcber kann. Aber in den Tagen des R\u00f6mischen Reiches, marschierten ganze Armeen \u00fcber diese Br\u00fccke! Wenn Sie nach oben schauen, sehen Sie, die Ruinen des Chateau Rocher hoch \u00fcber dem Fluss. Die Burg wurde gebaut, um den Verkehr \u00fcber den Fluss Sioule zu steuern, in den Tagen, als Stra\u00dfen knapp waren. Die Ruinen sind einen Besuch wert und ein gro\u00dfartiger Ort f\u00fcr ein Picknick.<\/p>\n<p><strong>Halbtags: Erklimmen Sie den Puy de D\u00f4me Berg (1465 m.) \u2013 Entfernung mit dem Auto ca. 60 Minuten.<\/strong><\/p>\n<p>\nW\u00e4hlen Sie einen klaren Tag f\u00fcr Ihren Besuch des Puy de D\u00f4me. Der Tag beginnt mit einer Fahrt durch die beeindruckende Puy-de-D\u00f4me (63) Landschaft. <img decoding=\"async\" loading=\"lazy\" class=\"alignleft size-medium wp-image-3109\" title=\"Col de Ceyssat\" src=\"http:\/\/www.sejour-culinair.fr\/wordpress\/wp-content\/uploads\/2015\/12\/col-de-ceyssat-150x150.jpg\" alt=\"Col de Ceyssat\" width=\"150\" height=\"150\" \/> \u00dcber Biolet, geht es zu Pontaumur, mit herrlichem Blick auf die \u201aVulkankette\u00b4. <img decoding=\"async\" loading=\"lazy\" class=\"alignright size-medium wp-image-3109\" title=\"Puy-de-D\u00f4me\" src=\"http:\/\/www.sejour-culinair.fr\/wordpress\/wp-content\/uploads\/2015\/12\/1200_1200____2__sommet-puy-de-dome_74-150x150.jpg\" alt=\"Puy-de-D\u00f4me\" width=\"150\" height=\"150\" \/> Bei Pontaumur w\u00e4hlen Sie die Route Nationale von Limoges nach Clermont-Ferrand, die Sie zu fast 1000 Metern H\u00f6he f\u00fchrt \u00fcber den Col de Goules, bis zum Fu\u00dfe des Puy-de-D\u00f4me in Orcines. Fahren Sie in Orcines weiter nach den Col de Ceyssat auf 1078 Meter H\u00f6he. Dort finden Sie einen Parkplatz und einen schmalen Pfad, der an die Spitze geht. Da dem Puy de D\u00f4me Berg 1465 Meter hoch ist, wird es noch fast 400 Meter zu steigen geben. Auf dem Gipfel werden Sie von den sch\u00f6nen Blick auf die Vulkankette \u00fcberrascht sein.\n<\/p>\n<p>&nbsp;<\/p>\n<p><strong> Halbtags: &#8211; Radfahren durch die Schluchten der Sioule Fluss &#8211; Besuch \u00c9breuil (03) &#8211; Entfernung mit dem Auto ca. 25 Minuten. <\/strong><\/p>\n<p>\nFahren Sie von Vergheas \u00fcber Espinasse in die Stadt Menat. Menat ist eine mittelalterliche Stadt mit einer sch\u00f6nen Klosterkirche in der Mitte. <img decoding=\"async\" loading=\"lazy\" class=\"alignleft size-medium wp-image-3109\" title=\"Gorges_de_Chouvigny\" src=\"http:\/\/www.sejour-culinair.fr\/wordpress\/wp-content\/uploads\/2015\/12\/Gorges_de_Chouvigny_HM-150x150.jpg\" alt=\"Gorges_de_Chouvigny\" width=\"150\" height=\"150\" \/> Das Kloster ist mittlerweile geschlossen, aber Sie k\u00f6nnen noch immer die Kirche und den Klosterhof mit den sch\u00f6nen Schnitzereien besuchen. Von Menat fahren Sie ein kurzes St\u00fcck weiter auf der Route Nationale von Montlucon nach Clermont-Ferrand bis Pont de Menat. Kurz vor der Br\u00fccke \u00fcber den Fluss Sioule, zeigt auf der linken Seite ein Stra\u00dfenschild \u00b4Ebreuil\u00b4. Fahren Sie darin und finden Sie einen Platz zu parken und Ihre Fahrr\u00e4der zu entladen. <img decoding=\"async\" loading=\"lazy\" class=\"alignright size-medium wp-image-3109\" title=\"Ebreuil\" src=\"http:\/\/www.sejour-culinair.fr\/wordpress\/wp-content\/uploads\/2015\/12\/ebreuil-1-150x150.jpg\" alt=\"Ebreuil\" width=\"150\" height=\"150\" \/> Rad fahren Sie weiter in Richtung Ebreuil. Rad fahren sollte relativ einfach sein, denn es gibt kaum Steigungen entlang des Flusses. Denken Sie daran, die Landschaft und die hohen Klippen auf beiden Seiten des Flusses zu genie\u00dfen. Wenn Sie m\u00f6chten, k\u00f6nnen Sie halte machen in  Chauvigny um das Schloss zu besuchen. Nach einer Weile geht die Stra\u00dfe ein bisschen aus dem Fluss und wird es ein bisschen Klettern zu tun geben. Die mittelalterliche Stadt Ebreuil wird Sie mit seinen sch\u00f6nen Geb\u00e4uden, den Markt und die Kirche belohnen. <img decoding=\"async\" loading=\"lazy\" class=\"alignleft size-medium wp-image-3109\" title=\"Rad Fahren\" src=\"http:\/\/www.sejour-culinair.fr\/wordpress\/wp-content\/uploads\/2016\/01\/543161.jpg\" alt=\"Rad Fahren\" width=\"150\" height=\"150\" \/>Gehe weiter zu wo die Br\u00fccke in der Mitte der Stadt Ebreuil die Fluss Sioule wieder kreuzt und dort treffen Sie auf der linken Seite entlang des Flusses einer angehobenen Weg mit Picknick-Tischen bereit f\u00fcr Ihr Mittagessen.\n<\/p>\n<p><\/p>","protected":false},"excerpt":{"rendered":"<p>Halbtags: Kanufahrten auf dem Fluss Sioule \u2013 Entfernung mit dem Auto ca. 25 Minuten. Denken Sie daran, trockene Kleidung dabei zu haben. Fahren Sie von Vergheas \u00fcber Espinasse in die Stadt Menat. Menat ist eine mittelalterliche Stadt mit einer sch\u00f6nen&#8230; <\/p>\n","protected":false},"author":1,"featured_media":0,"parent":0,"menu_order":0,"comment_status":"closed","ping_status":"closed","template":"","meta":[],"_links":{"self":[{"href":"https:\/\/www.sejour-culinair.fr\/de\/wp-json\/wp\/v2\/pages\/172"}],"collection":[{"href":"https:\/\/www.sejour-culinair.fr\/de\/wp-json\/wp\/v2\/pages"}],"about":[{"href":"https:\/\/www.sejour-culinair.fr\/de\/wp-json\/wp\/v2\/types\/page"}],"author":[{"embeddable":true,"href":"https:\/\/www.sejour-culinair.fr\/de\/wp-json\/wp\/v2\/users\/1"}],"replies":[{"embeddable":true,"href":"https:\/\/www.sejour-culinair.fr\/de\/wp-json\/wp\/v2\/comments?post=172"}],"version-history":[{"count":0,"href":"https:\/\/www.sejour-culinair.fr\/de\/wp-json\/wp\/v2\/pages\/172\/revisions"}],"wp:attachment":[{"href":"https:\/\/www.sejour-culinair.fr\/de\/wp-json\/wp\/v2\/media?parent=172"}],"curies":[{"name":"wp","href":"https:\/\/api.w.org\/{rel}","templated":true}]}}