{"id":259,"date":"2015-12-07T11:56:50","date_gmt":"2015-12-07T11:56:50","guid":{"rendered":"http:\/\/www.sejour-culinair.fr\/wordpress\/?page_id=259"},"modified":"2025-01-05T10:00:18","modified_gmt":"2025-01-05T10:00:18","slug":"walking","status":"publish","type":"page","link":"https:\/\/www.sejour-culinair.fr\/de\/walking\/","title":{"rendered":"Wandern"},"content":{"rendered":"<p><strong>L\u00e4ndlicher Spaziergang auf h\u00fcgeligem Gel\u00e4nde mit herrlichem Ausblick. (\u00b1 1 \u00bd Stunden)<\/strong><img decoding=\"async\" class=\"alignleft size-medium wp-image-3109\" src=\"http:\/\/www.sejour-culinair.fr\/wordpress\/wp-content\/uploads\/2016\/01\/Balade-Vergheas-e1452462521999.jpg\" alt=\"Balade \u00e0 Vergheas\" \/><\/p>\n<p>Direkt von Ihrem Zimmer aus k\u00f6nnen Sie<img decoding=\"async\" loading=\"lazy\" class=\"alignright size-medium wp-image-3109\" title=\"Commune de Vergheas\" src=\"http:\/\/www.sejour-culinair.fr\/wordpress\/wp-content\/uploads\/2016\/02\/Bord-gemeente-vergheas.jpg\" alt=\"Commune de Vergheas\" width=\"150\" height=\"150\" \/> zu Fu\u00df oder mit dem Auto die Kirche von Vergheas besuchen, wo die Wanderung beginnt. Die Route wird durch rote Pfeile in der Form eines Bibers angezeigt. Der Spaziergang geht \u00fcber h\u00fcgeliges Gel\u00e4nde mit herrlichem Blick und gibt einen sch\u00f6nen Einblick in die abwechslungsreiche Landschaft der Region Combrailles in dieser Ecke des Departements Puy de D\u00f4me. Der westlichste Teil des Landes Auvergne-Rh\u00f4ne-Alpes. Diese Wanderung wurde schon von vielen unserer G\u00e4ste, mit viel Spa\u00df gemacht.<\/p>\n<p>Auch f\u00fcr die umliegenden Gemeinden, wie z.B. Roche d\u00b4Agoux, Pionsat, Saint Magnier, Saint Maurice Pr\u00e8s Pionsat, Chateau sur Cher u.s.w. gibt es \u00e4hnliche dokumentierte Wanderungen.<\/p>\n<p>Informieren Sie sich auf <a href=\"https:\/\/www.combrailles-auvergne-tourisme.fr\" rel=\"noopener\" target=\"_blank\">unser Tourismusb\u00fcro<\/a> \u00fcber weitere M\u00f6glichkeiten touristischer Ausfl\u00fcge in die Combrailles.<br \/>\n<body><\/p>\n<div>\n<strong>Wenn Sie sich f\u00fcr einen ernsthaften Wanderer halten, ist es m\u00f6glicherweise eine gute Idee, die Visorando-App auf Ihr Telefon herunterzuladen.<\/strong><br \/>\n<br \/>\n<strong>Hier ist ein Beispiel f\u00fcr einen sch\u00f6nen l\u00e4ndlichen Spaziergang, den Visorando zu bieten hat; Die acht Kreuze gehen (eight Crosses). (\u00b1 4 Stunden) Walk No. 4098324.<\/strong><img decoding=\"async\" class=\"alignright size-medium wp-image-3109\" src=\"https:\/\/www.sejour-culinair.fr\/wordpress\/wp-content\/uploads\/2022\/10\/walk-vergheas-2-1.jpeg\" alt=\"Balade Visorando \u00e0 Vergheas\" \/>\n<\/p>\n<p> <\/p>\n<p>\nWenn Sie von unseren Chambres d&#8217;h\u00f4tes aus starten, k\u00f6nnen Sie diesen Spaziergang leicht wieder aufnehmen, da die Route nur wenige hundert Meter von unserem Standort entfernt verl\u00e4uft. Sie werden dann auf halbem Weg durch Punkt 6 und 7 auf der Karte am Wanderweg ankommen. Die Wanderung f\u00fchrt durch die l\u00e4ndliche Landschaft, vorbei an h\u00fcbschen ruhigen D\u00f6rfern, abgelegenen Bauernh\u00f6fen, schnell flie\u00dfenden B\u00e4chen, Kirchen und Kapellen. Und wie zu erwarten, werden Sie unterwegs 8 Kreuze entdecken. <\/p>\n<p>\n<strong>ein paar Statistiken:<\/strong><\/p>\n<ul>\n<li> Berechnete Zeit: 4 Stunden\n<li> Distanz : 11.77km\n<li> Totale Kletterei : 217m\n<li> H\u00f6chster Punkt : 682m\n<li> Tiefster Punkt : 547m\n<li> Schwierigkeit: Mittel\n<\/ul>\n<\/p>\n<p>\n<img decoding=\"async\" loading=\"lazy\" class=\"alignleft size-medium wp-image-3109\" title=\"Letterbox Le cuisinier en Combraille\" src=\"https:\/\/www.sejour-culinair.fr\/wordpress\/wp-content\/uploads\/2022\/10\/Letterbox-Cuisinier-2.jpeg\" alt=\"Commune de Vergheas\" width=\"600\" height=\"90\" \/>\n<\/p>\n<\/div>\n<p><\/body><\/p>","protected":false},"excerpt":{"rendered":"<p>L\u00e4ndlicher Spaziergang auf h\u00fcgeligem Gel\u00e4nde mit herrlichem Ausblick. (\u00b1 1 \u00bd Stunden) Direkt von Ihrem Zimmer aus k\u00f6nnen Sie zu Fu\u00df oder mit dem Auto die Kirche von Vergheas besuchen, wo die Wanderung beginnt. Die Route wird durch rote Pfeile&#8230; <\/p>\n","protected":false},"author":1,"featured_media":0,"parent":0,"menu_order":0,"comment_status":"closed","ping_status":"closed","template":"","meta":[],"_links":{"self":[{"href":"https:\/\/www.sejour-culinair.fr\/de\/wp-json\/wp\/v2\/pages\/259"}],"collection":[{"href":"https:\/\/www.sejour-culinair.fr\/de\/wp-json\/wp\/v2\/pages"}],"about":[{"href":"https:\/\/www.sejour-culinair.fr\/de\/wp-json\/wp\/v2\/types\/page"}],"author":[{"embeddable":true,"href":"https:\/\/www.sejour-culinair.fr\/de\/wp-json\/wp\/v2\/users\/1"}],"replies":[{"embeddable":true,"href":"https:\/\/www.sejour-culinair.fr\/de\/wp-json\/wp\/v2\/comments?post=259"}],"version-history":[{"count":14,"href":"https:\/\/www.sejour-culinair.fr\/de\/wp-json\/wp\/v2\/pages\/259\/revisions"}],"predecessor-version":[{"id":2096,"href":"https:\/\/www.sejour-culinair.fr\/de\/wp-json\/wp\/v2\/pages\/259\/revisions\/2096"}],"wp:attachment":[{"href":"https:\/\/www.sejour-culinair.fr\/de\/wp-json\/wp\/v2\/media?parent=259"}],"curies":[{"name":"wp","href":"https:\/\/api.w.org\/{rel}","templated":true}]}}