{"id":376,"date":"2015-12-16T17:31:12","date_gmt":"2015-12-16T17:31:12","guid":{"rendered":"http:\/\/www.sejour-culinair.fr\/wordpress\/main-dishes-3\/"},"modified":"2024-01-31T12:21:55","modified_gmt":"2024-01-31T12:21:55","slug":"2-nights","status":"publish","type":"page","link":"https:\/\/www.sejour-culinair.fr\/de\/2-nights\/","title":{"rendered":"2 N\u00e4chte"},"content":{"rendered":"<p><strong>Bitte beachten Sie: Dieses Angebot gilt nur, wenn Sie \u00fcber diese Website buchen.<BR> Nachdem Sie zwei oder mehr aufeinanderfolgende Termine ausgew\u00e4hlt haben, wird der Rabatt automatisch angewendet.<\/strong><\/p>\n<p><a class=\"read-more\" href=\"https:\/\/via.eviivo.com\/de-DE\/lecuisinier63\/\" target=\"_blank\" rel=\"noopener noreferrer\">Pr\u00fcfen Sie Verfugbarkeit <i class=\"fa fa-angle-right mideum\"><\/i><\/a><\/p>\n<p><img decoding=\"async\" src=\"https:\/\/www.sejour-culinair.fr\/wordpress\/wp-content\/uploads\/2018\/12\/Bleiben-Sie-2-N\u00e4chte.jpg\" alt=\"Zwei N\u00e4chte\" \/><\/p>","protected":false},"excerpt":{"rendered":"<p>Bitte beachten Sie: Dieses Angebot gilt nur, wenn Sie \u00fcber diese Website buchen. Nachdem Sie zwei oder mehr aufeinanderfolgende Termine ausgew\u00e4hlt haben, wird der Rabatt automatisch angewendet. Pr\u00fcfen Sie Verfugbarkeit<\/p>\n","protected":false},"author":1,"featured_media":0,"parent":0,"menu_order":0,"comment_status":"closed","ping_status":"closed","template":"","meta":[],"_links":{"self":[{"href":"https:\/\/www.sejour-culinair.fr\/de\/wp-json\/wp\/v2\/pages\/376"}],"collection":[{"href":"https:\/\/www.sejour-culinair.fr\/de\/wp-json\/wp\/v2\/pages"}],"about":[{"href":"https:\/\/www.sejour-culinair.fr\/de\/wp-json\/wp\/v2\/types\/page"}],"author":[{"embeddable":true,"href":"https:\/\/www.sejour-culinair.fr\/de\/wp-json\/wp\/v2\/users\/1"}],"replies":[{"embeddable":true,"href":"https:\/\/www.sejour-culinair.fr\/de\/wp-json\/wp\/v2\/comments?post=376"}],"version-history":[{"count":14,"href":"https:\/\/www.sejour-culinair.fr\/de\/wp-json\/wp\/v2\/pages\/376\/revisions"}],"predecessor-version":[{"id":2033,"href":"https:\/\/www.sejour-culinair.fr\/de\/wp-json\/wp\/v2\/pages\/376\/revisions\/2033"}],"wp:attachment":[{"href":"https:\/\/www.sejour-culinair.fr\/de\/wp-json\/wp\/v2\/media?parent=376"}],"curies":[{"name":"wp","href":"https:\/\/api.w.org\/{rel}","templated":true}]}}