{"id":453,"date":"2015-12-25T12:40:35","date_gmt":"2015-12-25T12:40:35","guid":{"rendered":"http:\/\/www.sejour-culinair.fr\/wordpress\/?page_id=453"},"modified":"2024-10-22T08:46:45","modified_gmt":"2024-10-22T08:46:45","slug":"room-for-2-or-3-persons","status":"publish","type":"page","link":"https:\/\/www.sejour-culinair.fr\/de\/room-for-2-or-3-persons\/","title":{"rendered":"ZIMMER F\u00dcR 2 BIS 3 PERSONEN"},"content":{"rendered":"<p><div class=\"fotorama\" data-nav=\"thumbs\"><a href=\"https:\/\/www.sejour-culinair.fr\/wordpress\/wp-content\/uploads\/2015\/12\/Triple1-panorama-e1455532577190.jpg\"><img src=\"h\" alt=\"\" \/><\/a><a href=\"https:\/\/www.sejour-culinair.fr\/wordpress\/wp-content\/uploads\/2015\/12\/Triple6-panorama-e1455532662114.jpg\"><img src=\"h\" alt=\"\" \/><\/a><a href=\"https:\/\/www.sejour-culinair.fr\/wordpress\/wp-content\/uploads\/2015\/12\/Triple9-e1455534369387.jpg\"><img src=\"h\" alt=\"\" \/><\/a><a href=\"https:\/\/www.sejour-culinair.fr\/wordpress\/wp-content\/uploads\/2015\/12\/Triple2-e1455534046985.jpg\"><img src=\"h\" alt=\"\" \/><\/a><a href=\"https:\/\/www.sejour-culinair.fr\/wordpress\/wp-content\/uploads\/2015\/12\/Triple5-e1455534827174.jpg\"><img src=\"h\" alt=\"\" \/><\/a><a href=\"https:\/\/www.sejour-culinair.fr\/wordpress\/wp-content\/uploads\/2015\/12\/Triple3-e1455534660552.jpg\"><img src=\"h\" alt=\"\" \/><\/a><\/div><\/p>\n<h4>Zimmerausstattung<\/h4>\n<ul style=\"list-style-type: disc; text-align: justify; margin-left: 18.0pt;\">\n<li><span lang=\"de\">Zwei Schlafzimmer mit Teppichboden<\/span><\/li>\n<li><span lang=\"de\">Gro\u00dfes Zimmer mit einem Doppelbett (140 x 190 cm)<\/span><\/li>\n<li><span lang=\"de\">Kleines Zimmer mit einem Einzelbett (90 x 200 cm)<\/span><\/li>\n<li><span lang=\"de\">Privates Badezimmer mit Badewanne und Waschbecken und elektrischem Handtuchtrockner<\/span><\/li>\n<li><span lang=\"de\">Separates WC neben dem Bad<\/span><\/li>\n<li><span lang=\"de\">Tee und Kaffee sowie Wasserkocher auf dem Zimmer<\/span><\/li>\n<li><span lang=\"de\">Badem\u00e4ntel<\/span><\/li>\n<li><span lang=\"de\">Das Zimmer befindet sich im zweiten Stock (kein Aufzug)<\/span><\/li>\n<li><span lang=\"de\">Kostenloser Wi-Fi Internetzugang.<\/span><\/li>\n<li><span lang=\"de\">Haustiere sind in diesem Zimmer leider nicht gestattet.<\/span><\/li>\n<\/ul>\n<p>&nbsp;<\/p>\n<h4>Zimmerpreis<\/h4>\n<p><strong>2025 Preise inkl. Fr\u00fchst\u00fcck. Eventuelle Zuschl\u00e4ge.<\/strong><\/p>\n<table id=\"AutoNumber1\" style=\"border-collapse: collapse;\" border=\"2\" width=\"100%\" cellspacing=\"1\" cellpadding=\"1\">\n<tbody style=\"font-family: Arial, Helvetica, sans-serif; font-size: 13px; color: #987640; width: 620px; line-height: 100%; text-align: justify;\">\n<tr style=\"border-bottom: 1px solid #000;\">\n<td>Preis Pro Nacht.<\/td>\n<td>\u00a0Nebensaison<\/td>\n<td>\u00a0Zwischensaison<\/td>\n<td>\u00a0Hochsaison<\/td>\n<td><\/td>\n<td>\u00a0Zuschl\u00e4ge Pro Nacht.<\/td>\n<\/tr>\n<tr>\n<td>\u00a02 Personen<\/td>\n<td>\u00a0\u20ac 105,-<\/td>\n<td>\u00a0\u20ac 108,-<\/td>\n<td>\u00a0\u20ac 114,-<\/td>\n<td>\u00a0Haustiere.<\/td>\n<td>\u00a0Nicht m\u00f6glich.<\/td>\n<\/tr>\n<tr>\n<td>\u00a03 Personen<\/td>\n<td>\u00a0\u20ac 130,-<\/td>\n<td>\u00a0\u20ac 133,-<\/td>\n<td>\u00a0\u20ac 139,-<\/td>\n<td>\u00a0Zus\u00e4tzliche Person im Zimmer.<\/td>\n<td>\u00a0\u20ac 25,- P.N.<\/td>\n<\/tr>\n<\/tbody>\n<\/table>\n<p>&#8211; Die Preise verstehen sich zuz\u00fcglich der obligatorischen Kurtaxe von \u20ac 0,80 pro Nacht f\u00fcr jede Person \u00fcber 18 Jahre.<br \/>\n&#8211; Zus\u00e4tzliche Person im Zimmer (max. 1) ist nur nach vorheriger Absprache m\u00f6glich.<br \/>\n&#8211; Zwischensaison: 24. Mai &#8211; 1. Juli und 1. September &#8211; 14 September.<br \/>\n&#8211; Hochsaison: 2. Juli &#8211; 31. August.<\/p>\n<p><strong>Bitte beachten Sie: Dieses Apartment ist nur auf besonderen Wunsch erh\u00e4ltlich. Bitte <a href=\"https:\/\/www.sejour-culinair.fr\/contact-us\/\" target=\"_blank\" rel=\"noopener\">kontaktieren Sie uns<\/a>.<\/strong><\/p>","protected":false},"excerpt":{"rendered":"<p>Zimmerausstattung Zwei Schlafzimmer mit Teppichboden Gro\u00dfes Zimmer mit einem Doppelbett (140 x 190 cm) Kleines Zimmer mit einem Einzelbett (90 x 200 cm) Privates Badezimmer mit Badewanne und Waschbecken und elektrischem Handtuchtrockner Separates WC neben dem Bad Tee und Kaffee&#8230; <\/p>\n","protected":false},"author":1,"featured_media":0,"parent":0,"menu_order":0,"comment_status":"closed","ping_status":"closed","template":"","meta":[],"_links":{"self":[{"href":"https:\/\/www.sejour-culinair.fr\/de\/wp-json\/wp\/v2\/pages\/453"}],"collection":[{"href":"https:\/\/www.sejour-culinair.fr\/de\/wp-json\/wp\/v2\/pages"}],"about":[{"href":"https:\/\/www.sejour-culinair.fr\/de\/wp-json\/wp\/v2\/types\/page"}],"author":[{"embeddable":true,"href":"https:\/\/www.sejour-culinair.fr\/de\/wp-json\/wp\/v2\/users\/1"}],"replies":[{"embeddable":true,"href":"https:\/\/www.sejour-culinair.fr\/de\/wp-json\/wp\/v2\/comments?post=453"}],"version-history":[{"count":64,"href":"https:\/\/www.sejour-culinair.fr\/de\/wp-json\/wp\/v2\/pages\/453\/revisions"}],"predecessor-version":[{"id":2079,"href":"https:\/\/www.sejour-culinair.fr\/de\/wp-json\/wp\/v2\/pages\/453\/revisions\/2079"}],"wp:attachment":[{"href":"https:\/\/www.sejour-culinair.fr\/de\/wp-json\/wp\/v2\/media?parent=453"}],"curies":[{"name":"wp","href":"https:\/\/api.w.org\/{rel}","templated":true}]}}