{"id":52,"date":"2015-11-06T22:14:27","date_gmt":"2015-11-06T22:14:27","guid":{"rendered":"http:\/\/www.sejour-culinair.fr\/wordpress\/?page_id=52"},"modified":"2025-05-05T16:24:20","modified_gmt":"2025-05-05T16:24:20","slug":"terms-conditions","status":"publish","type":"page","link":"https:\/\/www.sejour-culinair.fr\/de\/terms-conditions\/","title":{"rendered":"Allgemeine Gesch\u00e4ftsbedingungen."},"content":{"rendered":"<p><strong>Kinder:<\/strong> Angesichts der Bedeutung, der wir Entspannung, Ruhe und kulinarischer Freude geben m\u00f6chten, bitten wir um Verst\u00e4ndnis, dass ein Aufenthalt bei \u201eLe cuisinier en Combraille\u201c am besten geeignet ist f\u00fcr Erwachsene und f\u00fcr Familien mit Kindern \u00fcber 8 Jahren.<br \/>\n<strong>Zahlung:<\/strong> Ihre Kreditkarte wird ben\u00f6tigt, um Ihre Buchung zu garantieren. 72 Stunden vor Ihrem Anreisedatum wird der Betrag der ersten Nacht des Aufenthalts in Rechnung gestellt. Wenn Sie telefonisch oder per E-Mail buchen, werden wir Sie fragen 50% des Buchungsbetrags ze bezahlen.<br \/>\n<strong>Stornierung:<\/strong> Sie k\u00f6nnen Ihren Aufenthalt kostenfrei bis 72 Stunden (3 Tage) vor dem Datum Ihres Aufenthaltes stornieren. Bei Stornierungen innerhalb von 72 Stunden wird die erste Nacht Ihres Aufenthaltes Ihrer Kreditkarte in Rechnung gestellt. Wenn Sie ohne zu stornieren am ersten Tag Ihres gebuchten Aufenthalts nicht erscheinen (No-Show), wird Ihre Reservierung annulliert und Ihrer Kreditkarte wird der volle Betrag des reservierten Aufenthalts belastet. Sie k\u00f6nnen per Post, Email oder Telefon stornieren und erhalten eine Best\u00e4tigung per E-Mail.<br \/>\n<strong>Kurtaxe:<\/strong> Personen unter 18 Jahren bezahlen keine Kurtaxe. Ansonsten wird eine Kurtaxe von \u20ac 0,80 pro Person und Nacht berechnet. Die Kurtaxe ist nicht im Angebotspreis enthalten.<\/p>\n<p><strong>Aufladen Elektroauto:<\/strong> Zum Aufladen Ihres Elektroautos bitten wir Sie, gegen eine geringe Geb\u00fchr einen Parkplatz mit Ladem\u00f6glichkeit zu reservieren. (nur 2 verf\u00fcgbar) Bei der Abreise finden Sie die Kosten f\u00fcr den verbrauchten Strom auf Ihrer Rechnung.<br \/>\n<strong>Zusatzbett:<\/strong> Zustellbetten (max. 1 pro Zimmer) stehen nur auf Anfrage zur Verf\u00fcgung und m\u00fcssen vom Hotel best\u00e4tigt werden. Der Preis f\u00fcr ein Zustellbett betr\u00e4gt \u20ac 25, \u2013 pro Nacht, inklusive Fr\u00fchst\u00fcck.<br \/>\n<strong>Haustiere:<\/strong> Haustiere sind willkommen auf Anfrage (max. 2 pro Zimmer). Wir erwarten, dass Ihre Lieblinge freundlich und gut erzogen sind. Es muss daf\u00fcr Sorge getragen werden, dass die Tiere die anderen G\u00e4ste nicht bel\u00e4stigen. Au\u00dferhalb Ihres Zimmers sollte Ihr Haustier immer angeleint werden. F\u00fcr jedes Haustier gilt ein Zuschlag von \u20ac 9, \u2013 pro Nacht.<br \/>\n<strong>Rauchen:<\/strong>Alle unsere Geb\u00e4ude, Zimmer und \u00f6ffentlichen Bereiche sind Nichtraucher. Rauchen ist nur im Freien erlaubt.<\/p>\n<p><strong>Essen und Trinken:<\/strong><br \/>\n<strong>a. Hygiene:<\/strong> F\u00fcr Ihre Hygiene und Sicherheit ist es verboten, Lebensmittel zu lagern, zu picknicken oder Speisen in den Zimmern oder auf den Terrassen zuzubereiten. Ein spezieller Picknicktisch steht im Garten zur Verf\u00fcgung.<br \/>\n<strong>b. Fr\u00fchst\u00fcck:<\/strong>Ein franz\u00f6sisches Fr\u00fchst\u00fcck ist im Zimmerpreis enthalten und wird von 8.00 bis 10.15 Uhr an Ihrem Tisch serviert. Sie k\u00f6nnen zus\u00e4tzliche Artikel aus unserer Speisekarte bestellen, um Ihr Fr\u00fchst\u00fcck zu personalisieren und zu erweitern.<br \/>\n<strong>c. Abendessen:<\/strong> Wenn Voraus bestelt, servieren Wir ein kulinarisches 3-G\u00e4nge-Abendessen um 19:30 Uhr in unserem Speisesaal. Wir empfehlen, wenn Sie bei uns essen m\u00f6chten, das Abendessen f\u00fcr den Abend Ihrer Ankunft im Voraus zu bestellen. F\u00fcr die darauf folgenden Abende k\u00f6nnen Sie vor Ort buchen. Abendessen: \u20ac 35 pro Person ohne Getr\u00e4nke. F\u00fcr Kinder von 8 bis 13 Jahren empfehlen wir ein 3-G\u00e4nge-Kinder-Men\u00fc: \u20ac 17,50. Sie k\u00f6nnen entsprechende Reservierungen im Kommentarfeld vornehmen. Bitte schreiben Sie dazu die Vornamen von allen Essensteilnehmern. Teilen Sie uns auch mit, wer m\u00f6glicherweise Unvertr\u00e4glichkeiten oder Allergien hat oder etwas Bestimmtes \u00fcberhaupt nicht mag. Sie k\u00f6nnen Ihr Abendessen auch per E-Mail zu einem sp\u00e4teren Zeitpunkt buchen.<br \/>\n<strong>d. Mittagessen:<\/strong> Das Mittagessen kann in Form eines Picknickkorbs bestellt werden. Bitte bestellen Sie das Picknick am Vortag.<\/p>","protected":false},"excerpt":{"rendered":"<p>Kinder: Angesichts der Bedeutung, der wir Entspannung, Ruhe und kulinarischer Freude geben m\u00f6chten, bitten wir um Verst\u00e4ndnis, dass ein Aufenthalt bei \u201eLe cuisinier en Combraille\u201c am besten geeignet ist f\u00fcr Erwachsene und f\u00fcr Familien mit Kindern \u00fcber 8 Jahren. Zahlung:&#8230; <\/p>\n","protected":false},"author":1,"featured_media":0,"parent":0,"menu_order":0,"comment_status":"closed","ping_status":"closed","template":"template-no-sidebar.php","meta":[],"_links":{"self":[{"href":"https:\/\/www.sejour-culinair.fr\/de\/wp-json\/wp\/v2\/pages\/52"}],"collection":[{"href":"https:\/\/www.sejour-culinair.fr\/de\/wp-json\/wp\/v2\/pages"}],"about":[{"href":"https:\/\/www.sejour-culinair.fr\/de\/wp-json\/wp\/v2\/types\/page"}],"author":[{"embeddable":true,"href":"https:\/\/www.sejour-culinair.fr\/de\/wp-json\/wp\/v2\/users\/1"}],"replies":[{"embeddable":true,"href":"https:\/\/www.sejour-culinair.fr\/de\/wp-json\/wp\/v2\/comments?post=52"}],"version-history":[{"count":29,"href":"https:\/\/www.sejour-culinair.fr\/de\/wp-json\/wp\/v2\/pages\/52\/revisions"}],"predecessor-version":[{"id":2101,"href":"https:\/\/www.sejour-culinair.fr\/de\/wp-json\/wp\/v2\/pages\/52\/revisions\/2101"}],"wp:attachment":[{"href":"https:\/\/www.sejour-culinair.fr\/de\/wp-json\/wp\/v2\/media?parent=52"}],"curies":[{"name":"wp","href":"https:\/\/api.w.org\/{rel}","templated":true}]}}