{"id":7,"date":"2015-11-01T10:00:34","date_gmt":"2015-11-01T10:00:34","guid":{"rendered":"http:\/\/www.sejour-culinair.fr\/wordpress\/?page_id=7"},"modified":"2022-12-04T11:03:14","modified_gmt":"2022-12-04T11:03:14","slug":"about-the-owners","status":"publish","type":"page","link":"https:\/\/www.sejour-culinair.fr\/de\/about-the-owners\/","title":{"rendered":"\u00dcber uns"},"content":{"rendered":"<p><div id=\"attachment_8\" style=\"width: 3658px\" class=\"wp-caption alignnone\"><a href=\"http:\/\/www.sejour-culinair.fr\/wordpress\/wp-content\/uploads\/2015\/11\/booking_we.jpg\"><img aria-describedby=\"caption-attachment-8\" decoding=\"async\" loading=\"lazy\" src=\"http:\/\/www.sejour-culinair.fr\/wordpress\/wp-content\/uploads\/2015\/11\/booking_we.jpg\" alt=\"We\" width=\"3648\" height=\"2670\" class=\"size-full wp-image-8\" srcset=\"https:\/\/www.sejour-culinair.fr\/wordpress\/wp-content\/uploads\/2015\/11\/booking_we.jpg 3648w, https:\/\/www.sejour-culinair.fr\/wordpress\/wp-content\/uploads\/2015\/11\/booking_we-300x220.jpg 300w, https:\/\/www.sejour-culinair.fr\/wordpress\/wp-content\/uploads\/2015\/11\/booking_we-1024x749.jpg 1024w\" sizes=\"(max-width: 3648px) 100vw, 3648px\" \/><\/a><p id=\"caption-attachment-8\" class=\"wp-caption-text\">Jacco en Cees<\/p><\/div><\/p>\n<p>Jacco und Cees (holl\u00e4ndisches Paar) sind die Eigent\u00fcmer von \u201eLe Cuisinier en Combraille\u201c. <img decoding=\"async\" loading=\"lazy\" class=\"alignright size-medium wp-image-3109\" title=\"D\u00e9jeuner ur l\u00b4herbe\" src=\"http:\/\/www.sejour-culinair.fr\/wordpress\/wp-content\/uploads\/2016\/02\/table-in-the-garden.jpg\" alt=\"D\u00e9jeuner ur l\u00b4herbe\" width=\"150\" height=\"150\" \/>2005 schufen sie mit Le Cuisinier eine Oase des Wohlbefindens inmitten der h\u00fcgeligen Landschaft der Combraille. Jacco ist ein leidenschaftlicher Koch (und G\u00e4rtner!), der es liebt, seine G\u00e4ste zu verw\u00f6hnen. Cees k\u00fcmmert sich um alles Organisatorische und sorgt vor allem daf\u00fcr, dass es immer gen\u00fcgend Wein zu trinken gibt.<\/p>","protected":false},"excerpt":{"rendered":"<p>Leider ist der Eintrag nur auf Amerikanisches Englisch verf\u00fcgbar. Der Inhalt wird unten in einer verf\u00fcgbaren Sprache angezeigt. Klicken Sie auf den Link, um die aktuelle Sprache zu \u00e4ndern. Jacco and Cees (a Dutch couple) are the owners of B&amp;B,&#8230; <\/p>\n","protected":false},"author":1,"featured_media":0,"parent":0,"menu_order":0,"comment_status":"closed","ping_status":"closed","template":"template-left-sidebar.php","meta":[],"_links":{"self":[{"href":"https:\/\/www.sejour-culinair.fr\/de\/wp-json\/wp\/v2\/pages\/7"}],"collection":[{"href":"https:\/\/www.sejour-culinair.fr\/de\/wp-json\/wp\/v2\/pages"}],"about":[{"href":"https:\/\/www.sejour-culinair.fr\/de\/wp-json\/wp\/v2\/types\/page"}],"author":[{"embeddable":true,"href":"https:\/\/www.sejour-culinair.fr\/de\/wp-json\/wp\/v2\/users\/1"}],"replies":[{"embeddable":true,"href":"https:\/\/www.sejour-culinair.fr\/de\/wp-json\/wp\/v2\/comments?post=7"}],"version-history":[{"count":5,"href":"https:\/\/www.sejour-culinair.fr\/de\/wp-json\/wp\/v2\/pages\/7\/revisions"}],"predecessor-version":[{"id":1829,"href":"https:\/\/www.sejour-culinair.fr\/de\/wp-json\/wp\/v2\/pages\/7\/revisions\/1829"}],"wp:attachment":[{"href":"https:\/\/www.sejour-culinair.fr\/de\/wp-json\/wp\/v2\/media?parent=7"}],"curies":[{"name":"wp","href":"https:\/\/api.w.org\/{rel}","templated":true}]}}