{"id":147,"date":"2015-12-04T23:47:19","date_gmt":"2015-12-04T23:47:19","guid":{"rendered":"http:\/\/www.sejour-culinair.fr\/wordpress\/?page_id=147"},"modified":"2018-03-05T13:01:22","modified_gmt":"2018-03-05T13:01:22","slug":"car-trips","status":"publish","type":"page","link":"https:\/\/www.sejour-culinair.fr\/fr\/car-trips\/","title":{"rendered":"D\u00e9placements en automobile"},"content":{"rendered":"<p><strong>Tour d\u00b4Aubusson &#8211; excursion &#8211; Auzances &#8211; Bellegarde en Marche &#8211; Aubusson &#8211; Felletin &#8211; Crocq &#8211; Auzances. +\/- 110 km.<\/strong><\/p>\n<p>\nCe voyage vous emm\u00e8ne de Le cuisinier en Combraille \u00e0 Vergheas, par Auzances \u00e0 travers le magnifique paysage du d\u00e9partement de la Creuse (23) \u00e0 travers la ville historique de Bellegarde en Marche \u00e0 la ville m\u00e9di\u00e9vale d&rsquo;Aubusson. <img decoding=\"async\" loading=\"lazy\" class=\"alignright size-medium wp-image-3109\" title=\"Aubusson\" src=\"http:\/\/www.sejour-culinair.fr\/wordpress\/wp-content\/uploads\/2015\/12\/aubusson_3-150x150.jpg\" alt=\"Aubusson\" width=\"150\" height=\"150\" \/>Aubusson c\u00e9l\u00e8bre pour ses tapisseries, qui peuvent encore \u00eatre trouv\u00e9s dans de nombreux beaux ch\u00e2teaux fran\u00e7ais. Pour colorer la laine on utilise de grandes quantit\u00e9s d&rsquo;eau, ce qui explique pourquoi Aubusson sur les rives de la rivi\u00e8re Creuse \u00e9tait un tel excellent emplacement pour \u00e9tablir l&rsquo;industrie du tapis fran\u00e7ais. Aujourd&rsquo;hui, la ville a encore un beau mus\u00e9e de la tapisserie o\u00f9 l&rsquo;art de faire des tapis est affich\u00e9 et d\u00e9montr\u00e9e. Dans le relativement petit centre-ville on trouve une gamme de maisons riches dont beaucoup datent du Moyen \u00c2ge. Le petit pont sur la rivi\u00e8re Creuse est aussi m\u00e9di\u00e9val, comme les maisons \u00e0 colombages qui se penchent sur l&rsquo;eau de la rivi\u00e8re qui coule rapidement.<br \/>\n<img decoding=\"async\" loading=\"lazy\" class=\"alignleft size-medium wp-image-3109\" title=\"Crocq\" src=\"http:\/\/www.sejour-culinair.fr\/wordpress\/wp-content\/uploads\/2015\/12\/crocq-150x150.jpg\" alt=\"Crocq\" width=\"150\" height=\"150\" \/>La ville dispose d&rsquo;un bureau touristique bien \u00e9quip\u00e9 et d\u00b4une bonne cr\u00eaperie \u00e0 c\u00f4t\u00e9 de l&rsquo;office de tourisme.<br \/>\nD\u00b4Aubusson nous prenons la route de Felletin. La ville de Felletin, aussi m\u00e9di\u00e9vale, est beaucoup plus petite qu\u2019Aubusson. Visitez, si possible, la belle \u00e9glise. De Felletin vous prenez la belle route \u00e0 Crocq. Une vue imprenable sur un paysage sillonn\u00e9 par de petites rivi\u00e8res et ruisseaux.<br \/>\nCrocq est construit sur une colline, ce qui rend un bastion strat\u00e9gique pendant la guerre de 100 ans. Au sommet de la colline, vous trouverez deux fortes tours qui faisaient partie du syst\u00e8me de d\u00e9fense construit par les rois de France. Garez votre voiture en bas de la colline et vous pouvez gravir la colline \u00e0 pied \u00e0 travers les rues \u00e9troites. Si c\u00b4est ouvert, vous pouvez monter sur la tour et profiter de la belle vue depuis les tours. La table d&rsquo;orientation au sommet des tours vous aidera \u00e0 identifier la zone. De Crocq, il est de retour \u00e0 Auzances. Et \u00e0 partir de l\u00e0 retour \u00e0 Vergheas. Un grand tour qui vous donnerez un aper\u00e7u clair de la campagne, les villes et villages de ce merveilleux d\u00e9partement, o\u00f9, dans les si\u00e8cles si peu a chang\u00e9.\n<\/p>\n<p><strong>En voiture &#8211; excursion- Puy de d\u00f4me &#8211; Clermont-Ferrand. +\/- 160 km.<\/strong><\/p>\n<p>\nChoisissez une journ\u00e9e claire pour votre visite au Puy de D\u00f4me. La journ\u00e9e commence par une route panoramique \u00e0 travers l&rsquo;impressionnant paysage du Puy-de-D\u00f4me (63).  Vous passez par Biolet \u00e0 Pontaumur avec la route des vues imprenables sur la \u00b4cha\u00eene des volcans\u00b4. <img decoding=\"async\" loading=\"lazy\" class=\"alignleft size-medium wp-image-3109\" title=\"Puy-de-D\u00f4me\" src=\"http:\/\/www.sejour-culinair.fr\/wordpress\/wp-content\/uploads\/2015\/12\/1200_1200____2__sommet-puy-de-dome_74-150x150.jpg\" alt=\"Puy-de-D\u00f4me\" width=\"150\" height=\"150\" \/> Au Pontaumur vous choisissez la Route Nationale de Limoges \u00e0 Clermont-Ferrand, vous allez traverser le Col de Goules \u00e0 pr\u00e8s de 1000 m\u00e8tres au-dessus du niveau de la mer, pour arriver \u00e0 le pied de la montagne du Puy-de-D\u00f4me \u00e0 Orcines. Vous trouverez un grand parking et une gare. Le train vous emm\u00e8nera pour une somme modique sur la montagne et offre une vue imprenable sur les volcans environnants. La visite \u00e0 Clermont-Ferrand dans l&rsquo;apr\u00e8s-midi va compl\u00e9ter votre visite au centre de notre d\u00e9partement.<img decoding=\"async\" loading=\"lazy\" class=\"alignright size-medium wp-image-3109\" title=\"Clermont-Ferrand\" src=\"http:\/\/www.sejour-culinair.fr\/wordpress\/wp-content\/uploads\/2015\/12\/Cathedrale_vue_de_montjuzet_detail-150x150.jpg\" alt=\"Clermont-Ferrand\" width=\"150\" height=\"150\" \/> La route d\u00b4Orcines \u00e0 Clermont-Ferrand descends d&rsquo;environ 800 \u00e0 300 m\u00e8tres. En chemin, vous trouverez sur votre droite un point de vue agr\u00e9able avec une vue panoramique de la ville. Dans la ville vous suivez la direction de la Place de Jaude.<img decoding=\"async\" loading=\"lazy\" class=\"alignleft size-medium wp-image-3109\" title=\"Place de Jaude\" src=\"http:\/\/www.sejour-culinair.fr\/wordpress\/wp-content\/uploads\/2015\/12\/jaude-1170x626-150x150.jpg\" alt=\"Place de Jaude\" width=\"150\" height=\"150\" \/>Il est la place centrale de la ville, avec beaucoup de caf\u00e9s et de boutiques autour. Sous la Place de Jaude, vous trouverez de grands garages de stationnement, qui font qu&rsquo;il est facile pour visiter le centre. Regardez la belle Op\u00e9ra, qui a \u00e9t\u00e9 r\u00e9cemment restaur\u00e9 \u00e0 sa splendeur originale. Profitez de l&rsquo;occasion pour aller les rues \u00e9troites, avec de nombreux magasins, qui vous m\u00e8nent \u00e0 la c\u00e9l\u00e8bre cath\u00e9drale noire de Clermont Ferrand. Vraiment magnifique!\n<\/p>\n<p><\/p>","protected":false},"excerpt":{"rendered":"<p>Tour d\u00b4Aubusson &#8211; excursion &#8211; Auzances &#8211; Bellegarde en Marche &#8211; Aubusson &#8211; Felletin &#8211; Crocq &#8211; Auzances. +\/- 110 km. Ce voyage vous emm\u00e8ne de Le cuisinier en Combraille \u00e0 Vergheas, par Auzances \u00e0 travers le magnifique paysage du&#8230; <\/p>\n","protected":false},"author":1,"featured_media":0,"parent":0,"menu_order":0,"comment_status":"closed","ping_status":"closed","template":"template-no-sidebar.php","meta":[],"_links":{"self":[{"href":"https:\/\/www.sejour-culinair.fr\/fr\/wp-json\/wp\/v2\/pages\/147"}],"collection":[{"href":"https:\/\/www.sejour-culinair.fr\/fr\/wp-json\/wp\/v2\/pages"}],"about":[{"href":"https:\/\/www.sejour-culinair.fr\/fr\/wp-json\/wp\/v2\/types\/page"}],"author":[{"embeddable":true,"href":"https:\/\/www.sejour-culinair.fr\/fr\/wp-json\/wp\/v2\/users\/1"}],"replies":[{"embeddable":true,"href":"https:\/\/www.sejour-culinair.fr\/fr\/wp-json\/wp\/v2\/comments?post=147"}],"version-history":[{"count":0,"href":"https:\/\/www.sejour-culinair.fr\/fr\/wp-json\/wp\/v2\/pages\/147\/revisions"}],"wp:attachment":[{"href":"https:\/\/www.sejour-culinair.fr\/fr\/wp-json\/wp\/v2\/media?parent=147"}],"curies":[{"name":"wp","href":"https:\/\/api.w.org\/{rel}","templated":true}]}}