{"id":1476,"date":"2021-05-01T10:40:07","date_gmt":"2021-05-01T10:40:07","guid":{"rendered":"https:\/\/www.sejour-culinair.fr\/?page_id=1476"},"modified":"2024-10-22T07:50:15","modified_gmt":"2024-10-22T07:50:15","slug":"comfort-twin-room-salers","status":"publish","type":"page","link":"https:\/\/www.sejour-culinair.fr\/fr\/comfort-twin-room-salers\/","title":{"rendered":"Chambre Confort 2eme \u00e9tage"},"content":{"rendered":"<p><div class=\"fotorama\" data-nav=\"thumbs\"><a href=\"https:\/\/www.sejour-culinair.fr\/wordpress\/wp-content\/uploads\/2021\/05\/Overvieuw-Bed-by-evening-light-970x485-1.jpg\"><img src=\"h\" alt=\"\" \/><\/a><a href=\"https:\/\/www.sejour-culinair.fr\/wordpress\/wp-content\/uploads\/2021\/04\/Overview-1-no-edit-970-x-485.jpg\"><img src=\"h\" alt=\"\" \/><\/a><a href=\"https:\/\/www.sejour-culinair.fr\/wordpress\/wp-content\/uploads\/2021\/05\/Main-Photo-edit-2-size-970-x-485.jpg\"><img src=\"h\" alt=\"\" \/><\/a><a href=\"https:\/\/www.sejour-culinair.fr\/wordpress\/wp-content\/uploads\/2021\/05\/Detail-Bedside-Edit-1-970-x-485.jpg\"><img src=\"h\" alt=\"\" \/><\/a><a href=\"https:\/\/www.sejour-culinair.fr\/wordpress\/wp-content\/uploads\/2021\/04\/Coffee-service-edit-970-x-485.jpg\"><img src=\"h\" alt=\"\" \/><\/a><a href=\"https:\/\/www.sejour-culinair.fr\/wordpress\/wp-content\/uploads\/2021\/04\/Bathroom-1-edit-970-x-485.jpg\"><img src=\"h\" alt=\"\" \/><\/a><a href=\"https:\/\/www.sejour-culinair.fr\/wordpress\/wp-content\/uploads\/2021\/04\/Detail-Bathroom-edit-970-x-485.jpg\"><img src=\"h\" alt=\"\" \/><\/a><a href=\"https:\/\/www.sejour-culinair.fr\/wordpress\/wp-content\/uploads\/2021\/04\/Overview-3-edit-970-x-485.jpg\"><img src=\"h\" alt=\"\" \/><\/a><a href=\"https:\/\/www.sejour-culinair.fr\/wordpress\/wp-content\/uploads\/2021\/04\/Overview-2-edit-970-x-485.jpg\"><img src=\"h\" alt=\"\" \/><\/a><a href=\"https:\/\/www.sejour-culinair.fr\/wordpress\/wp-content\/uploads\/2021\/03\/Velux-Balcony-2-e1615652234860.jpg\"><img src=\"h\" alt=\"\" \/><\/a><a href=\"https:\/\/www.sejour-culinair.fr\/wordpress\/wp-content\/uploads\/2021\/03\/salers-resized-e1615645701543.jpg\"><img src=\"h\" alt=\"\" \/><\/a><\/div><\/p>\n<h4>commodit\u00e9s de la chambre<\/h4>\n<ul style=\"list-style-type: disc; text-align: justify; margin-left: 18.0pt;\">\n<li><span lang=\"nl\">Chambre Comfort spacieuse aux lits jumeaux<\/span><\/li>\n<li><span lang=\"nl\">Situ\u00e9 dans les combles au 2\u00e8me. \u00e9tage sans ascenseur.<\/span><\/li>\n<li><span lang=\"nl\">Deux lits simples (90 x 200 cm.) accol\u00e9s.<\/span><\/li>\n<li><span lang=\"nl\">Salle d&rsquo;eau attenante avec WC, douche \u00e0 l&rsquo;italienne, lavabo, s\u00e8che-serviettes<\/span><\/li>\n<li><span lang=\"nl\">Th\u00e9 et caf\u00e9 en libre-service dans la chambre<\/span><\/li>\n<li><span lang=\"nl\">Peignoirs et accessoires de salle de bain<\/span><\/li>\n<li><span lang=\"nl\">Chauffage central et climatisation<\/span><\/li>\n<li><span lang=\"nl\">Acc\u00e8s Internet WiFi haut d\u00e9bit gratuit<\/span><\/li>\n<li><span lang=\"nl\">Equip\u00e9 d&rsquo;un balcon Velux.<\/span><\/li>\n<li><span lang=\"nl\">La chambre offre une vue spectaculaire sur le paysage environnant.<\/span><\/li>\n<\/ul>\n<h4>tarif de la chambre<\/h4>\n<p><strong>2025 Tarif petits dejeuner fran\u00e7ais compris. Frais suppl\u00e9mentaires applicables.<\/strong><\/p>\n<table id=\"AutoNumber1\" style=\"border-collapse: collapse;\" border=\"2\" width=\"100%\" cellspacing=\"1\" cellpadding=\"1\">\n<tbody style=\"font-family: Arial, Helvetica, sans-serif; font-size: 13px; color: #987640; width: 620px; line-height: 100%; text-align: justify;\">\n<tr style=\"border-bottom: 1px solid #000;\">\n<td>Tarif par nuit\u00e9e.<\/td>\n<td>Basse saison<\/td>\n<td>Saison interm\u00e9diaire<\/td>\n<td>Haute saison<\/td>\n<td><\/td>\n<td>\u00a0 Surcharge<\/td>\n<\/tr>\n<tr>\n<td>\u00a01 personne<\/td>\n<td>\u00a0\u20ac 105,-<\/td>\n<td>\u00a0\u20ac 108,-<\/td>\n<td>\u00a0\u20ac 114,-<\/td>\n<td>\u00a0Chien dans la chambre.<\/td>\n<td>\u00a0\u20ac 9,- p.n.<\/td>\n<\/tr>\n<tr>\n<td>\u00a02 personnes<\/td>\n<td>\u00a0\u20ac 105,-<\/td>\n<td>\u00a0\u20ac 108,-<\/td>\n<td>\u00a0\u20ac 114,-<\/td>\n<td>\u00a0Lit d&rsquo;appoint.<\/td>\n<td>\u00a0\u20ac 25,- p.n.<\/td>\n<\/tr>\n<\/tbody>\n<\/table>\n<p><img decoding=\"async\" loading=\"lazy\" class=\"alignright size-medium wp-image-3109\" title=\"Promotion\" src=\"https:\/\/www.sejour-culinair.fr\/wordpress\/wp-content\/uploads\/2018\/12\/Sejournez-2-nuits.jpg\" alt=\"Promotion\" width=\"410\" height=\"156\" \/><br \/>\n&#8211; Taxe de s\u00e9jour obligatoire \u20ac 0,80 la nuit\u00e9e pour toute personne de plus de 18 ans, non compris.<br \/>\n&#8211; Lit d&rsquo;appoint (Max. 1) disponible apr\u00e8s consentement pr\u00e9alable.<br \/>\n&#8211; Saison interm\u00e9diaire: 24 Mai au 1 Juillet et 1 Septembre au 14 Septembre.<br \/>\n&#8211; Haute saison: 2 Juillet au 31 Ao\u00fbt.<br \/>\n&#8211; Remise: S\u00e9journez 2 nuits (ou plus) et b\u00e9n\u00e9ficiez d&rsquo;une remise de 10% sur le tarif de la chambre si vous r\u00e9servez sur cette site Internet.<\/p>\n<p><a class=\"read-more\" href=\"https:\/\/via.eviivo.com\/fr-FR\/lecuisinier63\/\" target=\"_blank\" rel=\"noopener noreferrer\">V\u00e9rifier la disponibilit\u00e9 <i class=\"fa fa-angle-right mideum\"><\/i><\/a><\/p>","protected":false},"excerpt":{"rendered":"<p>commodit\u00e9s de la chambre Chambre Comfort spacieuse aux lits jumeaux Situ\u00e9 dans les combles au 2\u00e8me. \u00e9tage sans ascenseur. Deux lits simples (90 x 200 cm.) accol\u00e9s. Salle d&rsquo;eau attenante avec WC, douche \u00e0 l&rsquo;italienne, lavabo, s\u00e8che-serviettes Th\u00e9 et caf\u00e9&#8230; <\/p>\n","protected":false},"author":1,"featured_media":0,"parent":0,"menu_order":0,"comment_status":"closed","ping_status":"closed","template":"","meta":[],"_links":{"self":[{"href":"https:\/\/www.sejour-culinair.fr\/fr\/wp-json\/wp\/v2\/pages\/1476"}],"collection":[{"href":"https:\/\/www.sejour-culinair.fr\/fr\/wp-json\/wp\/v2\/pages"}],"about":[{"href":"https:\/\/www.sejour-culinair.fr\/fr\/wp-json\/wp\/v2\/types\/page"}],"author":[{"embeddable":true,"href":"https:\/\/www.sejour-culinair.fr\/fr\/wp-json\/wp\/v2\/users\/1"}],"replies":[{"embeddable":true,"href":"https:\/\/www.sejour-culinair.fr\/fr\/wp-json\/wp\/v2\/comments?post=1476"}],"version-history":[{"count":76,"href":"https:\/\/www.sejour-culinair.fr\/fr\/wp-json\/wp\/v2\/pages\/1476\/revisions"}],"predecessor-version":[{"id":2067,"href":"https:\/\/www.sejour-culinair.fr\/fr\/wp-json\/wp\/v2\/pages\/1476\/revisions\/2067"}],"wp:attachment":[{"href":"https:\/\/www.sejour-culinair.fr\/fr\/wp-json\/wp\/v2\/media?parent=1476"}],"curies":[{"name":"wp","href":"https:\/\/api.w.org\/{rel}","templated":true}]}}