{"id":376,"date":"2015-12-16T17:31:12","date_gmt":"2015-12-16T17:31:12","guid":{"rendered":"http:\/\/www.sejour-culinair.fr\/wordpress\/main-dishes-3\/"},"modified":"2024-01-31T12:21:55","modified_gmt":"2024-01-31T12:21:55","slug":"2-nights","status":"publish","type":"page","link":"https:\/\/www.sejour-culinair.fr\/fr\/2-nights\/","title":{"rendered":"Restez deux nuits"},"content":{"rendered":"<p><strong>Attention : cette offre n&rsquo;est valable que si vous r\u00e9servez depuis ce site.<BR> Apr\u00e8s avoir choisi deux ou plusieurs dates cons\u00e9cutives, la r\u00e9duction sera automatiquement appliqu\u00e9e.<\/strong><\/p>\n<p><a class=\"read-more\" href=\"https:\/\/via.eviivo.com\/fr-FR\/lecuisinier63\/\" target=\"_blank\" rel=\"noopener noreferrer\">V\u00e9rifier la disponibilit\u00e9 <i class=\"fa fa-angle-right mideum\"><\/i><\/a><\/p>\n<p><img decoding=\"async\" src=\"https:\/\/www.sejour-culinair.fr\/wordpress\/wp-content\/uploads\/2018\/12\/Sejournez-2-nuits.jpg\" alt=\"Sejournez 2 nuits\" \/><\/p>","protected":false},"excerpt":{"rendered":"<p>Attention : cette offre n&rsquo;est valable que si vous r\u00e9servez depuis ce site. Apr\u00e8s avoir choisi deux ou plusieurs dates cons\u00e9cutives, la r\u00e9duction sera automatiquement appliqu\u00e9e. V\u00e9rifier la disponibilit\u00e9<\/p>\n","protected":false},"author":1,"featured_media":0,"parent":0,"menu_order":0,"comment_status":"closed","ping_status":"closed","template":"","meta":[],"_links":{"self":[{"href":"https:\/\/www.sejour-culinair.fr\/fr\/wp-json\/wp\/v2\/pages\/376"}],"collection":[{"href":"https:\/\/www.sejour-culinair.fr\/fr\/wp-json\/wp\/v2\/pages"}],"about":[{"href":"https:\/\/www.sejour-culinair.fr\/fr\/wp-json\/wp\/v2\/types\/page"}],"author":[{"embeddable":true,"href":"https:\/\/www.sejour-culinair.fr\/fr\/wp-json\/wp\/v2\/users\/1"}],"replies":[{"embeddable":true,"href":"https:\/\/www.sejour-culinair.fr\/fr\/wp-json\/wp\/v2\/comments?post=376"}],"version-history":[{"count":14,"href":"https:\/\/www.sejour-culinair.fr\/fr\/wp-json\/wp\/v2\/pages\/376\/revisions"}],"predecessor-version":[{"id":2033,"href":"https:\/\/www.sejour-culinair.fr\/fr\/wp-json\/wp\/v2\/pages\/376\/revisions\/2033"}],"wp:attachment":[{"href":"https:\/\/www.sejour-culinair.fr\/fr\/wp-json\/wp\/v2\/media?parent=376"}],"curies":[{"name":"wp","href":"https:\/\/api.w.org\/{rel}","templated":true}]}}