{"id":52,"date":"2015-11-06T22:14:27","date_gmt":"2015-11-06T22:14:27","guid":{"rendered":"http:\/\/www.sejour-culinair.fr\/wordpress\/?page_id=52"},"modified":"2025-05-05T16:24:20","modified_gmt":"2025-05-05T16:24:20","slug":"terms-conditions","status":"publish","type":"page","link":"https:\/\/www.sejour-culinair.fr\/fr\/terms-conditions\/","title":{"rendered":"Conditions g\u00e9n\u00e9rales de vente."},"content":{"rendered":"<p><strong>Enfants:<\/strong> \u00c9tant donn\u00e9 l&rsquo;importance que nous accordons \u00e0 la paix, la calme et la joie gastronomique, nous vous sugg\u00e9rons qu\u00b4un s\u00e9jour chez \u00ab\u00a0le cuisinier en Combraille\u00a0\u00bb est appropri\u00e9 pour les adultes et pour des familles avec des enfants de 8 ans et plus.<\/p>\n<p><strong>Paiement:<\/strong> Votre carte de cr\u00e9dit est demand\u00e9e pour garantir votre s\u00e9jour. Votre carte pourra \u00eatre d\u00e9bit\u00e9e les 72 heures avant la date de votre s\u00e9jour pour le montant de la premi\u00e8re nuit\u00e9e de votre s\u00e9jour. Si vous r\u00e9servez par t\u00e9l\u00e9phone ou par e-mail, nous vous demanderons de payer 50% du montant de la r\u00e9servation.<\/p>\n<p><strong>Annulation:<\/strong> Vous pouvez annuler votre s\u00e9jour sans frais jusqu&rsquo;\u00e0 72H (3 jours) avant la date pr\u00e9vue, par courrier, par E-Mail ou par t\u00e9l\u00e9phone confirm\u00e9 par E-Mail.<br \/>\n&#8211; si l&rsquo;annulation intervient dans les 72 H qui pr\u00e9c\u00e8dent le d\u00e9but de votre s\u00e9jour, seule une nuit\u00e9e vous sera factur\u00e9e.<br \/>\n&#8211; si vous ne vous pr\u00e9sentez pas \u00e0 la date et l&rsquo;heure pr\u00e9vue de votre arriv\u00e9e votre r\u00e9servation sera annul\u00e9e et son montant factur\u00e9e sur votre carte de cr\u00e9dit.<\/p>\n<p><strong>Taxe de s\u00e9jour:<\/strong> La taxe de s\u00e9jour n&rsquo;\u00e9tant pas comprise dans nos tarifs, une somme de 0,80\u20ac par personne (de plus de 18 ans) et par nuit\u00e9e vous sera factur\u00e9e.<\/p>\n<p><strong>Recharge Voiture \u00e9lectrique:<\/strong> Pour recharger votre voiture \u00e9lectrique, nous vous demandons de r\u00e9server une place de parking pour une somme modique avec la possibilit\u00e9 de recharger. (seulement 2 disponibles) Au d\u00e9part, vous trouverez le co\u00fbt de l&rsquo;\u00e9lectricit\u00e9 consomm\u00e9e sur votre facture.<\/p>\n<p><strong>Lit d\u00b4appoint:<\/strong> Les lits d&rsquo;appoint (max. 1) sont uniquement disponibles sur demande et devront \u00eatre confirm\u00e9es par l&rsquo;\u00e9tablissement. Le tarif pour un lit d\u00b4appoint est de \u20ac 25,- par nuit\u00e9e, petit d\u00e9jeuner compris.<\/p>\n<p><strong>Animaux de compagnie:<\/strong> Les animaux de compagnie sont les bienvenus ( maximum 2 par chambre) , \u00e0 condition qu&rsquo;ils ne pr\u00e9sentent pas une g\u00eane pour les autres occupants. En dehors de la chambre ils devront toujours \u00eatre tenus en laisse. Un suppl\u00e9ment de 9\u20ac par nuit sera factur\u00e9 pour chaque animal,<\/p>\n<p><strong>Fumer:<\/strong> Les Chambres, Salons et Espaces commun de notre maison d&rsquo;h\u00f4tes sont exclusivement Non-Fumeur.<\/p>\n<p><strong>Nourriture et boisson:<\/strong><br \/>\n<strong>a. Hygi\u00e8ne:<\/strong> Pour des raisons d\u2019hygi\u00e8ne et de s\u00e9curit\u00e9, il est interdit de stocker de la nourriture, de pique-niquer ou de cuisiner dans les chambres, salons et terrasses. Une table de pique-nique sp\u00e9ciale est disponible dans le jardin.<br \/>\n<strong>b. Petit D\u00e9jeuner:<\/strong>Un petit-d\u00e9jeuner fran\u00e7ais est inclus dans le prix de la chambre et est servi \u00e0 votre table de 8h00 \u00e0 10h15. Vous pouvez commander des \u00e9l\u00e9ments suppl\u00e9mentaires de notre menu pour personnaliser et \u00e9tendre votre petit-d\u00e9jeuner.<br \/>\n<strong>c. Repas du soir:<\/strong> Si command\u00e9 \u00e0 l&rsquo;avance le menu d\u00e9gustation de 3 plats est servi \u00e0 19h30 dans notre salle \u00e0 manger. Nous vous conseillons, si vous le souhaitez, de commander \u00e0 l&rsquo;avance le d\u00eener pour le soir de votre arriv\u00e9e. Pour les soir\u00e9es suivantes, vous pouvez r\u00e9server sur place. D\u00eener : 35 euros par personne, hors boissons. Pour les enfants de moins de 14 ans, nous vous proposons un menu \u00e0 Euro 17,50 ( 3 plats). Vous pouvez \u00e9galement r\u00e9server votre d\u00eener par courriel pour une date ult\u00e9rieure. Si vous ne pouvez pas arriver \u00e0 l&rsquo;heure du repas, merci de nous le faire savoir par t\u00e9l\u00e9phone et nous ferons le maximum pour pouvoir vous servir \u00e0 votre heure d&rsquo;arriv\u00e9e.<br \/>\n<strong>d. D\u00e9jeuner:<\/strong> Le d\u00e9jeuner peut \u00eatre command\u00e9 sous la forme d&rsquo;un panier de pique-nique que vous voudrez bien nous commander sur place la veille.<\/p>","protected":false},"excerpt":{"rendered":"<p>Enfants: \u00c9tant donn\u00e9 l&rsquo;importance que nous accordons \u00e0 la paix, la calme et la joie gastronomique, nous vous sugg\u00e9rons qu\u00b4un s\u00e9jour chez \u00ab\u00a0le cuisinier en Combraille\u00a0\u00bb est appropri\u00e9 pour les adultes et pour des familles avec des enfants de 8&#8230; <\/p>\n","protected":false},"author":1,"featured_media":0,"parent":0,"menu_order":0,"comment_status":"closed","ping_status":"closed","template":"template-no-sidebar.php","meta":[],"_links":{"self":[{"href":"https:\/\/www.sejour-culinair.fr\/fr\/wp-json\/wp\/v2\/pages\/52"}],"collection":[{"href":"https:\/\/www.sejour-culinair.fr\/fr\/wp-json\/wp\/v2\/pages"}],"about":[{"href":"https:\/\/www.sejour-culinair.fr\/fr\/wp-json\/wp\/v2\/types\/page"}],"author":[{"embeddable":true,"href":"https:\/\/www.sejour-culinair.fr\/fr\/wp-json\/wp\/v2\/users\/1"}],"replies":[{"embeddable":true,"href":"https:\/\/www.sejour-culinair.fr\/fr\/wp-json\/wp\/v2\/comments?post=52"}],"version-history":[{"count":29,"href":"https:\/\/www.sejour-culinair.fr\/fr\/wp-json\/wp\/v2\/pages\/52\/revisions"}],"predecessor-version":[{"id":2101,"href":"https:\/\/www.sejour-culinair.fr\/fr\/wp-json\/wp\/v2\/pages\/52\/revisions\/2101"}],"wp:attachment":[{"href":"https:\/\/www.sejour-culinair.fr\/fr\/wp-json\/wp\/v2\/media?parent=52"}],"curies":[{"name":"wp","href":"https:\/\/api.w.org\/{rel}","templated":true}]}}