{"id":934,"date":"2018-05-25T16:37:13","date_gmt":"2018-05-25T16:37:13","guid":{"rendered":"https:\/\/www.sejour-culinair.fr\/wordpress\/?page_id=934"},"modified":"2018-12-10T13:30:11","modified_gmt":"2018-12-10T13:30:11","slug":"our-privacy-policy","status":"publish","type":"page","link":"https:\/\/www.sejour-culinair.fr\/fr\/terms-conditions\/our-privacy-policy\/","title":{"rendered":"Notre Politique de Confidentialit\u00e9"},"content":{"rendered":"<p><strong>Le cuisinier et Combraille, situ\u00e9 \u00e0 Vivier, 63330 Vergheas, France, est responsable du traitement des donn\u00e9es \u00e0 caract\u00e8re personnel, comme indiqu\u00e9 dans la pr\u00e9sente d\u00e9claration de confidentialit\u00e9. <\/strong><\/p>\n<p>Coordonn\u00e9es:<br \/>\nwww.sejour-Culinair.fr<br \/>\nVivier, 63330 Vergheas<br \/>\nFrance<br \/>\n+ 33 473521954 de + 33 666970124<\/p>\n<p>Cornelis Akerboom est l&rsquo;agent de protection des donn\u00e9es de le cuisinier et de Combraille.<br \/>\nIl peut \u00eatre atteint via akerboomcees@gmail.com<\/p>\n<p><strong>Donn\u00e9es personnelles que nous traitons<\/strong><br \/>\nLe cuisinier et Combraille traiteront vos donn\u00e9es personnelles en utilisant nos services et\/ou parce que vous nous les fournissez.<\/p>\n<p>Ci-dessous vous trouverez un aper\u00e7u des donn\u00e9es personnelles que nous traitons:<br \/>\n-nom et pr\u00e9nom<br \/>\n-informations sur l&rsquo;adresse<br \/>\n-num\u00e9ro de t\u00e9l\u00e9phone<br \/>\n-adresse email<br \/>\n-carte de cr\u00e9dit<\/p>\n<p><strong>Donn\u00e9es personnelles sp\u00e9ciales et\/ou sensibles que nous traitons<\/strong><br \/>\nNotre site Web et\/ou service n&rsquo;a pas l&rsquo;intention de collecter des informations sur les visiteurs du site de moins de 16 ans. \u00c0 moins qu&rsquo;ils aient la permission des parents ou du tuteur. Cependant, nous ne pouvons pas v\u00e9rifier qu&rsquo;un visiteur a plus de 16 ans. Nous recommandons donc que les parents soient impliqu\u00e9s dans les activit\u00e9s en ligne de leurs enfants afin d&#8217;emp\u00eacher la collecte d&rsquo;informations sur les enfants sans le consentement des parents. Si vous \u00eates convaincu que, sans cette autorisation, nous avons recueilli des donn\u00e9es personnelles sur un mineur, s&rsquo;il vous pla\u00eet contactez-nous via akerboomcees@gmail.com, nous allons supprimer cette information.<\/p>\n<p><strong>Dans quel but et sur quelle base nous traitons les donn\u00e9es personnelles<\/strong><br \/>\nLe cuisinier et Combraille traite vos donn\u00e9es personnelles aux fins suivantes:<br \/>\n-\u00eatre en mesure de vous fournir des services<br \/>\n-gestion de votre paiement<br \/>\n-envoi de notre newsletter et\/ou brochure publicitaire<br \/>\n-\u00eatre en mesure de vous appeler ou de vous envoyer un courriel si n\u00e9cessaire pour effectuer nos services<br \/>\n-vous informer sur les modifications apport\u00e9es \u00e0 nos services et produits<\/p>\n<p><strong>Prise de d\u00e9cision automatis\u00e9e<\/strong><br \/>\nLe cuisinier et le Combraille ne prennent pas de d\u00e9cisions sur la base d&rsquo;un traitement automatis\u00e9 sur des questions qui peuvent avoir des cons\u00e9quences (importantes) pour les particuliers. Il s&rsquo;agit de d\u00e9cisions prises par des programmes ou des syst\u00e8mes informatiques, sans qu&rsquo;une personne (p. ex. un employ\u00e9 de le cuisinier et de Combraille) entre les deux. Le cuisinier et Combraille utilise les programmes ou syst\u00e8mes informatiques suivants:<br \/>\n-eviivo est le R\u00e9servation Gestionnaire de moteurs et de canaux o\u00f9 toutes les r\u00e9servations sont enregistr\u00e9es. Toutes les donn\u00e9es personnelles que nous traitons sont dans- et sont g\u00e9r\u00e9s par- eviivo. (eviivo Limited: 11 rue de Cambrai, 75019 Paris) Vous trouverez la Politique de confidentialite de eviivo sur https:\/\/eviivo.com\/fr\/confidentialite\/<br \/>\n&#8211; R\u00e9servation Master est notre syst\u00e8me de Back Office pour la gestion quotidienne des s\u00e9jours, des consommations et des services. Les factures sont cr\u00e9\u00e9es via ce syst\u00e8me. R\u00e9servation Master est un Interne Syst\u00e8me, non disponible via Internet. La Base de donn\u00e9es de R\u00e9servation Master est crypt\u00e9e et s\u00e9curis\u00e9e  en toute s\u00e9curit\u00e9 via Microsoft OneDrive.<br \/>\n-Si vous nous donnez la permission, votre adresse E-mail peut \u00eatre utilis\u00e9e (maximum 2 fois par an) \u00e0 des fins promotionnelles de &lsquo;le Cuisinier en Combraille&rsquo;.<\/p>\n<p><strong>Combien de temps nous gardons les renseignements personnels<\/strong><\/p>\n<p>Le cuisinier et Combraille ne conserve pas vos donn\u00e9es personnelles plus longtemps que ce qui est strictement n\u00e9cessaire pour atteindre les objectifs pour lesquels vos donn\u00e9es sont collect\u00e9es. Nous appliquons les p\u00e9riodes de r\u00e9tention suivantes pour les donn\u00e9es personnelles suivantes:<\/p>\n<p>Donn\u00e9es personnelles &gt; p\u00e9riode de r\u00e9tention &gt; raison<br \/>\n-nom et pr\u00e9nom &gt; 15 ans &gt; nous nous sommes fix\u00e9 le but que nous aimons les invit\u00e9s-qui ont s\u00e9journ\u00e9 avec nous avant. Nous offrons nos clients fid\u00e8les, si possible, un traitement pr\u00e9f\u00e9r\u00e9.<br \/>\n-(post) adresse &gt; 15 years &gt; sert d&rsquo;outil pour relier votre nouvelle r\u00e9servation \u00e0 vos coordonn\u00e9es.<br \/>\n-adresse e-mail &gt; 15 ans &gt; votre adresse e-mail est notre principale occasion de vous contacter avant et apr\u00e8s votre visite. Votre adresse E-mail peut \u00eatre utilis\u00e9e \u00e0 des fins promotionnelles (jusqu&rsquo;\u00e0 2 fois par an).<br \/>\n-Num\u00e9ro de t\u00e9l\u00e9phone &gt; 1 an &gt; votre num\u00e9ro de t\u00e9l\u00e9phone peut \u00eatre utilis\u00e9 pour vous contacter pour des questions plus urgentes. Les num\u00e9ros de t\u00e9l\u00e9phone ne sont pas utilis\u00e9s pour les articles promotionnels.<br \/>\n-Num\u00e9ro de carte de cr\u00e9dit &gt; 1 an &gt; une fois par an, tous les num\u00e9ros de carte de cr\u00e9dit seront effac\u00e9s. Xotelia efface vos num\u00e9ros de carte de cr\u00e9dit Imm\u00e9diatement apr\u00e8s votre visite (ou le plus t\u00f4t possible).<\/p>\n<p><strong>Partage de donn\u00e9es personnelles avec des tierces parties<\/strong><br \/>\nLe cuisinier et le Combraille ne fournissent qu&rsquo;\u00e0 des tiers et seulement si cela est n\u00e9cessaire pour l&rsquo;ex\u00e9cution de notre accord avec vous ou pour se conformer \u00e0 toute obligation l\u00e9gale.<\/p>\n<p><strong>Des cookies, ou des techniques similaires, que nous utilisons<\/strong><br \/>\nLe cuisinier et Combraille n&rsquo;utilise pas de cookies ou de techniques similaires.<\/p>\n<p><strong>Afficher, modifier ou supprimer des donn\u00e9es<\/strong><br \/>\nVous avez le droit d&rsquo;afficher, de corriger ou de supprimer vos donn\u00e9es personnelles. De plus, vous avez le droit de r\u00e9voquer votre consentement au traitement des donn\u00e9es ou de vous opposer au traitement de vos donn\u00e9es personnelles par le cuisinier et Combraille et vous avez le droit de transf\u00e9rer des donn\u00e9es. Cela signifie que vous pouvez nous soumettre une demande pour envoyer les donn\u00e9es personnelles que nous avons de vous dans un fichier informatique \u00e0 vous ou \u00e0 un autre organisme que vous avez mentionn\u00e9.<\/p>\n<p>Vous pouvez envoyer une demande d&rsquo;inspection, de rectification, de suppression, de transfert de donn\u00e9es de vos donn\u00e9es personnelles ou de demande de retrait de votre consentement ou d&rsquo;objection au traitement de vos donn\u00e9es personnelles \u00e0 akerboomcees@gmail.com.<\/p>\n<p>Afin de s&rsquo;assurer que la demande d&rsquo;inspection a \u00e9t\u00e9 faite par vous, nous vous demandons d&rsquo;envoyer une copie de votre document d&rsquo;identit\u00e9 avec la demande. Faire dans cette copie de votre passeport photo, MRZ (machine Lisible Zone, la bande avec des num\u00e9ros au bas du passeport), num\u00e9ro de passeport et service citoyen (BSN) noir. Ceci pour prot\u00e9ger votre vie priv\u00e9e. Nous r\u00e9pondons le plus rapidement possible, mais dans un d\u00e9lai de quatre semaines, \u00e0 votre demande.<\/p>\n<p>Le cuisinier et le Combraille voudraient \u00e9galement souligner que vous avez la possibilit\u00e9 de d\u00e9poser une plainte aupr\u00e8s du superviseur national, les donn\u00e9es personnelles de l&rsquo;autorit\u00e9.<\/p>\n<p><strong>Comment nous prot\u00e9geons les renseignements personnels<\/strong><br \/>\nLe cuisinier et Combraille prend la protection de vos donn\u00e9es au s\u00e9rieux et prend les mesures appropri\u00e9es pour emp\u00eacher l&rsquo;abus, la perte, l&rsquo;acc\u00e8s non autoris\u00e9, la divulgation non sollicit\u00e9e et la modification non autoris\u00e9e. Si vous avez l&rsquo;impression que vos donn\u00e9es ne sont pas correctement prot\u00e9g\u00e9es ou qu&rsquo;il y a des indications de mauvaise utilisation, veuillez contacter akerboomcees@gmail.com<br \/>\n<\/p>","protected":false},"excerpt":{"rendered":"<p>Le cuisinier et Combraille, situ\u00e9 \u00e0 Vivier, 63330 Vergheas, France, est responsable du traitement des donn\u00e9es \u00e0 caract\u00e8re personnel, comme indiqu\u00e9 dans la pr\u00e9sente d\u00e9claration de confidentialit\u00e9. Coordonn\u00e9es: www.sejour-Culinair.fr Vivier, 63330 Vergheas France + 33 473521954 de + 33 666970124&#8230; <\/p>\n","protected":false},"author":1,"featured_media":0,"parent":52,"menu_order":0,"comment_status":"closed","ping_status":"closed","template":"","meta":[],"_links":{"self":[{"href":"https:\/\/www.sejour-culinair.fr\/fr\/wp-json\/wp\/v2\/pages\/934"}],"collection":[{"href":"https:\/\/www.sejour-culinair.fr\/fr\/wp-json\/wp\/v2\/pages"}],"about":[{"href":"https:\/\/www.sejour-culinair.fr\/fr\/wp-json\/wp\/v2\/types\/page"}],"author":[{"embeddable":true,"href":"https:\/\/www.sejour-culinair.fr\/fr\/wp-json\/wp\/v2\/users\/1"}],"replies":[{"embeddable":true,"href":"https:\/\/www.sejour-culinair.fr\/fr\/wp-json\/wp\/v2\/comments?post=934"}],"version-history":[{"count":0,"href":"https:\/\/www.sejour-culinair.fr\/fr\/wp-json\/wp\/v2\/pages\/934\/revisions"}],"up":[{"embeddable":true,"href":"https:\/\/www.sejour-culinair.fr\/fr\/wp-json\/wp\/v2\/pages\/52"}],"wp:attachment":[{"href":"https:\/\/www.sejour-culinair.fr\/fr\/wp-json\/wp\/v2\/media?parent=934"}],"curies":[{"name":"wp","href":"https:\/\/api.w.org\/{rel}","templated":true}]}}